{"id":24362,"date":"2021-07-22T10:54:55","date_gmt":"2021-07-22T10:54:55","guid":{"rendered":"https:\/\/senegalndiaye.com\/event-organizers\/"},"modified":"2021-07-22T10:54:55","modified_gmt":"2021-07-22T10:54:55","slug":"event-organizers","status":"publish","type":"page","link":"https:\/\/senegalndiaye.com\/tr\/event-organizers\/","title":{"rendered":"Etkinlik Organizat\u00f6rleri"},"content":{"rendered":"<p>[event_organizers]<\/p>\n","protected":false},"excerpt":{"rendered":"<p>[event_organizers]<\/p>\n","protected":false},"author":1,"featured_media":0,"parent":0,"menu_order":0,"comment_status":"closed","ping_status":"closed","template":"","meta":{"footnotes":""},"class_list":["post-24362","page","type-page","status-publish","hentry"],"yoast_head":"<!-- This site is optimized with the Yoast SEO plugin v27.4 - https:\/\/yoast.com\/product\/yoast-seo-wordpress\/ -->\n<title>Event Organizers &#187; Senegal Ndiaye<\/title>\n<meta name=\"robots\" content=\"index, follow, max-snippet:-1, max-image-preview:large, max-video-preview:-1\" \/>\n<link rel=\"canonical\" href=\"https:\/\/senegalndiaye.com\/tr\/event-organizers\/\" \/>\n<meta property=\"og:locale\" content=\"tr_TR\" \/>\n<meta property=\"og:type\" content=\"article\" \/>\n<meta property=\"og:title\" content=\"Event Organizers &#187; Senegal Ndiaye\" \/>\n<meta property=\"og:description\" content=\"[event_organizers]\" \/>\n<meta property=\"og:url\" content=\"https:\/\/senegalndiaye.com\/tr\/event-organizers\/\" \/>\n<meta property=\"og:site_name\" content=\"Senegal Ndiaye\" \/>\n<meta property=\"article:publisher\" content=\"https:\/\/www.facebook.com\/senegalndiaye4\/\" \/>\n<meta property=\"og:image\" content=\"https:\/\/i0.wp.com\/senegalndiaye.com\/wp-content\/uploads\/2018\/05\/senegalndiaye_logo.png?fit=150%2C106&ssl=1\" \/>\n\t<meta property=\"og:image:width\" content=\"150\" \/>\n\t<meta property=\"og:image:height\" content=\"106\" \/>\n\t<meta property=\"og:image:type\" content=\"image\/png\" \/>\n<meta name=\"twitter:card\" content=\"summary_large_image\" \/>\n<meta name=\"twitter:site\" content=\"@Senegalndiaye5\" \/>\n<script type=\"application\/ld+json\" class=\"yoast-schema-graph\">{\"@context\":\"https:\\\/\\\/schema.org\",\"@graph\":[{\"@type\":\"WebPage\",\"@id\":\"https:\\\/\\\/senegalndiaye.com\\\/event-organizers\\\/\",\"url\":\"https:\\\/\\\/senegalndiaye.com\\\/event-organizers\\\/\",\"name\":\"Event Organizers &#187; Senegal Ndiaye\",\"isPartOf\":{\"@id\":\"https:\\\/\\\/senegalndiaye.com\\\/#website\"},\"datePublished\":\"2021-07-22T10:54:55+00:00\",\"breadcrumb\":{\"@id\":\"https:\\\/\\\/senegalndiaye.com\\\/event-organizers\\\/#breadcrumb\"},\"inLanguage\":\"tr\",\"potentialAction\":[{\"@type\":\"ReadAction\",\"target\":[\"https:\\\/\\\/senegalndiaye.com\\\/event-organizers\\\/\"]}]},{\"@type\":\"BreadcrumbList\",\"@id\":\"https:\\\/\\\/senegalndiaye.com\\\/event-organizers\\\/#breadcrumb\",\"itemListElement\":[{\"@type\":\"ListItem\",\"position\":1,\"name\":\"Accueil\",\"item\":\"https:\\\/\\\/senegalndiaye.com\\\/\"},{\"@type\":\"ListItem\",\"position\":2,\"name\":\"Event Organizers\"}]},{\"@type\":\"WebSite\",\"@id\":\"https:\\\/\\\/senegalndiaye.com\\\/#website\",\"url\":\"https:\\\/\\\/senegalndiaye.com\\\/\",\"name\":\"Senegal Ndiaye\",\"description\":\"Retrouvez les meilleurs endroits du S\u00e9n\u00e9gal\",\"publisher\":{\"@id\":\"https:\\\/\\\/senegalndiaye.com\\\/#organization\"},\"potentialAction\":[{\"@type\":\"SearchAction\",\"target\":{\"@type\":\"EntryPoint\",\"urlTemplate\":\"https:\\\/\\\/senegalndiaye.com\\\/?s={search_term_string}\"},\"query-input\":{\"@type\":\"PropertyValueSpecification\",\"valueRequired\":true,\"valueName\":\"search_term_string\"}}],\"inLanguage\":\"tr\"},{\"@type\":\"Organization\",\"@id\":\"https:\\\/\\\/senegalndiaye.com\\\/#organization\",\"name\":\"Senegal Ndiaye\",\"url\":\"https:\\\/\\\/senegalndiaye.com\\\/\",\"logo\":{\"@type\":\"ImageObject\",\"inLanguage\":\"tr\",\"@id\":\"https:\\\/\\\/senegalndiaye.com\\\/#\\\/schema\\\/logo\\\/image\\\/\",\"url\":\"https:\\\/\\\/senegalndiaye.com\\\/wp-content\\\/uploads\\\/2018\\\/05\\\/senegalndiaye_logo.png\",\"contentUrl\":\"https:\\\/\\\/senegalndiaye.com\\\/wp-content\\\/uploads\\\/2018\\\/05\\\/senegalndiaye_logo.png\",\"width\":150,\"height\":106,\"caption\":\"Senegal Ndiaye\"},\"image\":{\"@id\":\"https:\\\/\\\/senegalndiaye.com\\\/#\\\/schema\\\/logo\\\/image\\\/\"},\"sameAs\":[\"https:\\\/\\\/www.facebook.com\\\/senegalndiaye4\\\/\",\"https:\\\/\\\/x.com\\\/Senegalndiaye5\",\"https:\\\/\\\/www.instagram.com\\\/senegalndiaye1\\\/\",\"https:\\\/\\\/www.linkedin.com\\\/company\\\/senegal-ndiaye\\\/\"]}]}<\/script>\n<!-- \/ Yoast SEO plugin. -->","yoast_head_json":{"title":"Event Organizers &#187; Senegal Ndiaye","robots":{"index":"index","follow":"follow","max-snippet":"max-snippet:-1","max-image-preview":"max-image-preview:large","max-video-preview":"max-video-preview:-1"},"canonical":"https:\/\/senegalndiaye.com\/tr\/event-organizers\/","og_locale":"tr_TR","og_type":"article","og_title":"Event Organizers &#187; Senegal Ndiaye","og_description":"[event_organizers]","og_url":"https:\/\/senegalndiaye.com\/tr\/event-organizers\/","og_site_name":"Senegal Ndiaye","article_publisher":"https:\/\/www.facebook.com\/senegalndiaye4\/","og_image":[{"width":150,"height":106,"url":"https:\/\/i0.wp.com\/senegalndiaye.com\/wp-content\/uploads\/2018\/05\/senegalndiaye_logo.png?fit=150%2C106&ssl=1","type":"image\/png"}],"twitter_card":"summary_large_image","twitter_site":"@Senegalndiaye5","schema":{"@context":"https:\/\/schema.org","@graph":[{"@type":"WebPage","@id":"https:\/\/senegalndiaye.com\/event-organizers\/","url":"https:\/\/senegalndiaye.com\/event-organizers\/","name":"Event Organizers &#187; Senegal Ndiaye","isPartOf":{"@id":"https:\/\/senegalndiaye.com\/#website"},"datePublished":"2021-07-22T10:54:55+00:00","breadcrumb":{"@id":"https:\/\/senegalndiaye.com\/event-organizers\/#breadcrumb"},"inLanguage":"tr","potentialAction":[{"@type":"ReadAction","target":["https:\/\/senegalndiaye.com\/event-organizers\/"]}]},{"@type":"BreadcrumbList","@id":"https:\/\/senegalndiaye.com\/event-organizers\/#breadcrumb","itemListElement":[{"@type":"ListItem","position":1,"name":"Accueil","item":"https:\/\/senegalndiaye.com\/"},{"@type":"ListItem","position":2,"name":"Event Organizers"}]},{"@type":"WebSite","@id":"https:\/\/senegalndiaye.com\/#website","url":"https:\/\/senegalndiaye.com\/","name":"Senegal Ndiaye","description":"Senegal&#039;deki en iyi yerleri bulun","publisher":{"@id":"https:\/\/senegalndiaye.com\/#organization"},"potentialAction":[{"@type":"SearchAction","target":{"@type":"EntryPoint","urlTemplate":"https:\/\/senegalndiaye.com\/?s={search_term_string}"},"query-input":{"@type":"PropertyValueSpecification","valueRequired":true,"valueName":"search_term_string"}}],"inLanguage":"tr"},{"@type":"Organization","@id":"https:\/\/senegalndiaye.com\/#organization","name":"Senegal Ndiaye","url":"https:\/\/senegalndiaye.com\/","logo":{"@type":"ImageObject","inLanguage":"tr","@id":"https:\/\/senegalndiaye.com\/#\/schema\/logo\/image\/","url":"https:\/\/senegalndiaye.com\/wp-content\/uploads\/2018\/05\/senegalndiaye_logo.png","contentUrl":"https:\/\/senegalndiaye.com\/wp-content\/uploads\/2018\/05\/senegalndiaye_logo.png","width":150,"height":106,"caption":"Senegal Ndiaye"},"image":{"@id":"https:\/\/senegalndiaye.com\/#\/schema\/logo\/image\/"},"sameAs":["https:\/\/www.facebook.com\/senegalndiaye4\/","https:\/\/x.com\/Senegalndiaye5","https:\/\/www.instagram.com\/senegalndiaye1\/","https:\/\/www.linkedin.com\/company\/senegal-ndiaye\/"]}]}},"jetpack_sharing_enabled":true,"jetpack-related-posts":[{"id":24365,"url":"https:\/\/senegalndiaye.com\/tr\/event-venues\/","url_meta":{"origin":24362,"position":0},"title":"Etkinlik Mekanlar\u0131","author":"","date":"Temmuz 22, 2021","format":false,"excerpt":"[event_venues]","rel":"","context":"Benzer yaz\u0131","block_context":{"text":"Benzer yaz\u0131","link":""},"img":{"alt_text":"","src":"","width":0,"height":0},"classes":[]},{"id":24973,"url":"https:\/\/senegalndiaye.com\/tr\/%e2%9c%85-webinaire-dakar-2021-2022\/","url_meta":{"origin":24362,"position":1},"title":"\u2705 Web Semineri Dakar 2021-2022","author":"Moderateur","date":"Kas\u0131m 9, 2021","format":false,"excerpt":"Retrouvez tous les webinaire organis\u00e9s au S\u00e9n\u00e9gal ou par des S\u00e9n\u00e9galais dans le monde en 2021 - 2022 [events orderby=\"event_start_date\" selected_category=\"webinaire\"]","rel":"","context":"Benzer yaz\u0131","block_context":{"text":"Benzer yaz\u0131","link":""},"img":{"alt_text":"","src":"","width":0,"height":0},"classes":[]},{"id":24359,"url":"https:\/\/senegalndiaye.com\/tr\/evenements\/","url_meta":{"origin":24362,"position":2},"title":"Dakar Etkinlikleri 2024 \u2013 2025","author":"Carine Ramos","date":"Temmuz 22, 2021","format":false,"excerpt":"Les \u00e9v\u00e9nements \u00e0 Dakar en 2024 Cette page vous pr\u00e9sente les \u00e9v\u00e9nements organis\u00e9s \u00e0 Dakar. En effet, vous y retrouverez toutes les c\u00e9l\u00e9brations de renom organis\u00e9 \u00e0 Dakar. Vous souhaitez savoir la date d\u2019un \u00e9v\u00e9nement, le lieu, le prix d\u2019entr\u00e9e, vous \u00eates au bon endroit ! [events orderby=\"ID\" order=\"DESC\" ]\u2026","rel":"","context":"Benzer yaz\u0131","block_context":{"text":"Benzer yaz\u0131","link":""},"img":{"alt_text":"","src":"","width":0,"height":0},"classes":[]}],"_links":{"self":[{"href":"https:\/\/senegalndiaye.com\/tr\/wp-json\/wp\/v2\/pages\/24362","targetHints":{"allow":["GET"]}}],"collection":[{"href":"https:\/\/senegalndiaye.com\/tr\/wp-json\/wp\/v2\/pages"}],"about":[{"href":"https:\/\/senegalndiaye.com\/tr\/wp-json\/wp\/v2\/types\/page"}],"author":[{"embeddable":true,"href":"https:\/\/senegalndiaye.com\/tr\/wp-json\/wp\/v2\/users\/1"}],"replies":[{"embeddable":true,"href":"https:\/\/senegalndiaye.com\/tr\/wp-json\/wp\/v2\/comments?post=24362"}],"version-history":[{"count":0,"href":"https:\/\/senegalndiaye.com\/tr\/wp-json\/wp\/v2\/pages\/24362\/revisions"}],"wp:attachment":[{"href":"https:\/\/senegalndiaye.com\/tr\/wp-json\/wp\/v2\/media?parent=24362"}],"curies":[{"name":"wp","href":"https:\/\/api.w.org\/{rel}","templated":true}]}}