{"id":20484,"date":"2018-08-13T17:27:55","date_gmt":"2018-08-13T17:27:55","guid":{"rendered":"https:\/\/senegalndiaye.com\/?page_id=20484"},"modified":"2018-08-13T17:29:38","modified_gmt":"2018-08-13T17:29:38","slug":"bus-dakar-aibd","status":"publish","type":"page","link":"https:\/\/senegalndiaye.com\/tr\/bus-dakar-aibd\/","title":{"rendered":"Otob\u00fcs Dakar"},"content":{"rendered":"<h2><strong>SERV\u0130S OTOB\u00dcS DEM DIKK DAKAR AIBD \/ F\u0130YAT VE SAAT<\/strong><\/h2>\n<p><strong>\u00a0<\/strong><\/p>\n<p>Dakar, Mbour, Thi\u00e8s ve yeni Blaise Diagne havaliman\u0131 aras\u0131nda servis hizmeti verecek olan Dakar Dem Dikk \u015firketinin \u00e7e\u015fitli hatlar\u0131n\u0131n tarifeleri belli oldu.<\/p>\n<p>AIBD&#039;ye gitmek isteyenler i\u00e7in iki olas\u0131l\u0131k var. Ya basit hatlar\u0131 yani Dakar&#039;da \u015fehir i\u00e7i ula\u015f\u0131m\u0131 sa\u011flayan klasik otob\u00fcsleri tercih edersiniz ya da elinizi cebinize at\u0131p klimal\u0131 ekspres otob\u00fcslere binersiniz.<\/p>\n<p><strong>BE\u015e KLAS\u0130K HAT<\/strong><\/p>\n<ul>\n<li><strong>Yoff havaalan\u0131 \u2013 AIBD: sabah 6&#039;dan ak\u015fam 8&#039;e, 1.000 F<\/strong><\/li>\n<li><strong>Thiaroye \u2013 AIBD: sabah 6&#039;dan ak\u015fam 8&#039;e, 700 F<\/strong><\/li>\n<li><strong>Temizlenmi\u015f araziler \u2013 AIBD: sabah 6&#039;dan ak\u015fam 8&#039;e, 800 F<\/strong><\/li>\n<li><strong>Saray 2 \u2013 AIBD: sabah 6&#039;dan ak\u015fam 8&#039;e, 1.000 F<\/strong><\/li>\n<li><strong>Dieupeul \u2013 AIBD: sabah 6&#039;dan ak\u015fam 8&#039;e, 1.000 F<\/strong><\/li>\n<\/ul>\n<p><strong>D\u00f6nme frekanslar\u0131: 20 dakikadan 35 dakikaya kadar.\u00a0\u00a0\u00a0\u00a0\u00a0<\/strong><\/p>\n<p><strong><span class=\"aligncenter\"><img data-recalc-dims=\"1\" loading=\"lazy\" decoding=\"async\" class=\"size-full wp-image-20486 aligncenter\" src=\"https:\/\/i0.wp.com\/senegalndiaye.com\/wp-content\/uploads\/2018\/08\/Bus-Dakar-AIBD.jpg?resize=520%2C735&#038;ssl=1\" alt=\"\" width=\"520\" height=\"735\" srcset=\"https:\/\/i0.wp.com\/senegalndiaye.com\/wp-content\/uploads\/2018\/08\/Bus-Dakar-AIBD.jpg?w=520&amp;ssl=1 520w, https:\/\/i0.wp.com\/senegalndiaye.com\/wp-content\/uploads\/2018\/08\/Bus-Dakar-AIBD.jpg?resize=212%2C300&amp;ssl=1 212w, https:\/\/i0.wp.com\/senegalndiaye.com\/wp-content\/uploads\/2018\/08\/Bus-Dakar-AIBD.jpg?resize=450%2C636&amp;ssl=1 450w\" sizes=\"auto, (max-width: 520px) 100vw, 520px\" \/><\/span>\u00a0\u00a0 <\/strong><\/p>\n<p><strong>klasik \u00e7izgiler dem dikk-AIBD-Senegal<\/strong><\/p>\n<p><strong>KL\u0130MALI VEYA KL\u0130MASIZ OTOB\u00dcSLERDE \u00dc\u00c7 EKSPRES MERKEZ\u0130<\/strong><\/p>\n<ul>\n<li><strong>Dakar \u2013 AIBD (LSS stadyumunun kar\u015f\u0131s\u0131ndaki HLM Grand Yoff terminali): g\u00fcnde 24 saat, 3.000 F ve 6.000 F, s\u0131kl\u0131k 30 dk.<\/strong><\/li>\n<li><strong>Mbour (Saly) \u2013 AIBD: g\u00fcnde 24 saat, 3.000 F, s\u0131kl\u0131k 30 dk.<\/strong><\/li>\n<li><strong>Thi\u00e8s \u2013 AIBD (Sindia \u00fczerinden): G\u00fcnde 24 saat, 3.000 F, s\u0131kl\u0131k 30 dk.<\/strong><\/li>\n<\/ul>\n<p><span class=\"aligncenter\"><img data-recalc-dims=\"1\" loading=\"lazy\" decoding=\"async\" class=\"size-full wp-image-20485 aligncenter\" src=\"https:\/\/i0.wp.com\/senegalndiaye.com\/wp-content\/uploads\/2018\/08\/Bus-Dakar-AIBD1.jpg?resize=520%2C737&#038;ssl=1\" alt=\"\" width=\"520\" height=\"737\" srcset=\"https:\/\/i0.wp.com\/senegalndiaye.com\/wp-content\/uploads\/2018\/08\/Bus-Dakar-AIBD1.jpg?w=520&amp;ssl=1 520w, https:\/\/i0.wp.com\/senegalndiaye.com\/wp-content\/uploads\/2018\/08\/Bus-Dakar-AIBD1.jpg?resize=212%2C300&amp;ssl=1 212w, https:\/\/i0.wp.com\/senegalndiaye.com\/wp-content\/uploads\/2018\/08\/Bus-Dakar-AIBD1.jpg?resize=450%2C638&amp;ssl=1 450w\" sizes=\"auto, (max-width: 520px) 100vw, 520px\" \/><\/span><\/p>\n<p><strong>AIBD-Senegal i\u00e7in klimal\u0131 otob\u00fcslerle VIP hatt\u0131<\/strong><\/p>\n<p><strong>08:00-17:00 aras\u0131 ileti\u015fim: 33 824 10 10<\/strong><\/p>\n<p><span class=\"aligncenter\"><img data-recalc-dims=\"1\" loading=\"lazy\" decoding=\"async\" class=\"size-full wp-image-20488 aligncenter\" src=\"https:\/\/i0.wp.com\/senegalndiaye.com\/wp-content\/uploads\/2018\/08\/Bus-Dakar-AIBD-climatis%C3%A9s-1.jpg?resize=575%2C700&#038;ssl=1\" alt=\"Bus Dakar AIBD\" width=\"575\" height=\"700\" srcset=\"https:\/\/i0.wp.com\/senegalndiaye.com\/wp-content\/uploads\/2018\/08\/Bus-Dakar-AIBD-climatis%C3%A9s-1.jpg?w=575&amp;ssl=1 575w, https:\/\/i0.wp.com\/senegalndiaye.com\/wp-content\/uploads\/2018\/08\/Bus-Dakar-AIBD-climatis%C3%A9s-1.jpg?resize=246%2C300&amp;ssl=1 246w, https:\/\/i0.wp.com\/senegalndiaye.com\/wp-content\/uploads\/2018\/08\/Bus-Dakar-AIBD-climatis%C3%A9s-1.jpg?resize=450%2C548&amp;ssl=1 450w\" sizes=\"auto, (max-width: 575px) 100vw, 575px\" \/><\/span><\/p>","protected":false},"excerpt":{"rendered":"<p>NAVETTE DE BUS DEM DIKK DAKAR AIBD\u00a0\/ TARIFS ET HORAIRES \u00a0 Les tarifs des diff\u00e9rentes lignes de la soci\u00e9t\u00e9 Dakar Dem Dikk qui vont assurer la navette entre Dakar, Mbour, Thi\u00e8s et le nouvel a\u00e9roport Blaise Diagne sont disponibles maintenant. Deux possibilit\u00e9s se pr\u00e9sentent \u00e0 ceux qui voudront se rendre \u00e0 l\u2019AIBD. Soit vous optez [&hellip;]<\/p>\n","protected":false},"author":8,"featured_media":0,"parent":0,"menu_order":0,"comment_status":"closed","ping_status":"closed","template":"","meta":{"footnotes":""},"class_list":["post-20484","page","type-page","status-publish","hentry"],"yoast_head":"<!-- This site is optimized with the Yoast SEO plugin v27.5 - https:\/\/yoast.com\/product\/yoast-seo-wordpress\/ -->\n<title>Bus Dakar AIBD &#187; Senegal Ndiaye<\/title>\n<meta name=\"description\" content=\"Bus Dakar AIBD Les tarifs des diff\u00e9rentes lignes de la soci\u00e9t\u00e9 Dakar Dem Dikk qui vont assurer la navette entre Dakar, Mbour, Thi\u00e8s et le nouvel a\u00e9roport Blaise Diagne\" \/>\n<meta name=\"robots\" content=\"index, follow, max-snippet:-1, max-image-preview:large, max-video-preview:-1\" \/>\n<link rel=\"canonical\" href=\"https:\/\/senegalndiaye.com\/tr\/bus-dakar-aibd\/\" \/>\n<meta property=\"og:locale\" content=\"tr_TR\" \/>\n<meta property=\"og:type\" content=\"article\" \/>\n<meta property=\"og:title\" content=\"Bus Dakar AIBD &#187; Senegal Ndiaye\" \/>\n<meta property=\"og:description\" content=\"Bus Dakar AIBD Les tarifs des diff\u00e9rentes lignes de la soci\u00e9t\u00e9 Dakar Dem Dikk qui vont assurer la navette entre Dakar, Mbour, Thi\u00e8s et le nouvel a\u00e9roport Blaise Diagne\" \/>\n<meta property=\"og:url\" content=\"https:\/\/senegalndiaye.com\/tr\/bus-dakar-aibd\/\" \/>\n<meta property=\"og:site_name\" content=\"Senegal Ndiaye\" \/>\n<meta property=\"article:publisher\" content=\"https:\/\/www.facebook.com\/senegalndiaye4\/\" \/>\n<meta property=\"article:modified_time\" content=\"2018-08-13T17:29:38+00:00\" \/>\n<meta property=\"og:image\" content=\"https:\/\/senegalndiaye.com\/wp-content\/uploads\/2018\/08\/Bus-Dakar-AIBD.jpg\" \/>\n<meta name=\"twitter:card\" content=\"summary_large_image\" \/>\n<meta name=\"twitter:site\" content=\"@Senegalndiaye5\" \/>\n<meta name=\"twitter:label1\" content=\"Tahmini okuma s\u00fcresi\" \/>\n\t<meta name=\"twitter:data1\" content=\"1 dakika\" \/>\n<script type=\"application\/ld+json\" class=\"yoast-schema-graph\">{\"@context\":\"https:\\\/\\\/schema.org\",\"@graph\":[{\"@type\":\"WebPage\",\"@id\":\"https:\\\/\\\/senegalndiaye.com\\\/bus-dakar-aibd\\\/\",\"url\":\"https:\\\/\\\/senegalndiaye.com\\\/bus-dakar-aibd\\\/\",\"name\":\"Bus Dakar AIBD &#187; Senegal Ndiaye\",\"isPartOf\":{\"@id\":\"https:\\\/\\\/senegalndiaye.com\\\/#website\"},\"primaryImageOfPage\":{\"@id\":\"https:\\\/\\\/senegalndiaye.com\\\/bus-dakar-aibd\\\/#primaryimage\"},\"image\":{\"@id\":\"https:\\\/\\\/senegalndiaye.com\\\/bus-dakar-aibd\\\/#primaryimage\"},\"thumbnailUrl\":\"https:\\\/\\\/senegalndiaye.com\\\/wp-content\\\/uploads\\\/2018\\\/08\\\/Bus-Dakar-AIBD.jpg\",\"datePublished\":\"2018-08-13T17:27:55+00:00\",\"dateModified\":\"2018-08-13T17:29:38+00:00\",\"description\":\"Bus Dakar AIBD Les tarifs des diff\u00e9rentes lignes de la soci\u00e9t\u00e9 Dakar Dem Dikk qui vont assurer la navette entre Dakar, Mbour, Thi\u00e8s et le nouvel a\u00e9roport Blaise Diagne\",\"breadcrumb\":{\"@id\":\"https:\\\/\\\/senegalndiaye.com\\\/bus-dakar-aibd\\\/#breadcrumb\"},\"inLanguage\":\"tr\",\"potentialAction\":[{\"@type\":\"ReadAction\",\"target\":[\"https:\\\/\\\/senegalndiaye.com\\\/bus-dakar-aibd\\\/\"]}]},{\"@type\":\"ImageObject\",\"inLanguage\":\"tr\",\"@id\":\"https:\\\/\\\/senegalndiaye.com\\\/bus-dakar-aibd\\\/#primaryimage\",\"url\":\"https:\\\/\\\/senegalndiaye.com\\\/wp-content\\\/uploads\\\/2018\\\/08\\\/Bus-Dakar-AIBD.jpg\",\"contentUrl\":\"https:\\\/\\\/senegalndiaye.com\\\/wp-content\\\/uploads\\\/2018\\\/08\\\/Bus-Dakar-AIBD.jpg\"},{\"@type\":\"BreadcrumbList\",\"@id\":\"https:\\\/\\\/senegalndiaye.com\\\/bus-dakar-aibd\\\/#breadcrumb\",\"itemListElement\":[{\"@type\":\"ListItem\",\"position\":1,\"name\":\"Accueil\",\"item\":\"https:\\\/\\\/senegalndiaye.com\\\/\"},{\"@type\":\"ListItem\",\"position\":2,\"name\":\"Bus Dakar AIBD\"}]},{\"@type\":\"WebSite\",\"@id\":\"https:\\\/\\\/senegalndiaye.com\\\/#website\",\"url\":\"https:\\\/\\\/senegalndiaye.com\\\/\",\"name\":\"Senegal Ndiaye\",\"description\":\"Retrouvez les meilleurs endroits du S\u00e9n\u00e9gal\",\"publisher\":{\"@id\":\"https:\\\/\\\/senegalndiaye.com\\\/#organization\"},\"potentialAction\":[{\"@type\":\"SearchAction\",\"target\":{\"@type\":\"EntryPoint\",\"urlTemplate\":\"https:\\\/\\\/senegalndiaye.com\\\/?s={search_term_string}\"},\"query-input\":{\"@type\":\"PropertyValueSpecification\",\"valueRequired\":true,\"valueName\":\"search_term_string\"}}],\"inLanguage\":\"tr\"},{\"@type\":\"Organization\",\"@id\":\"https:\\\/\\\/senegalndiaye.com\\\/#organization\",\"name\":\"Senegal Ndiaye\",\"url\":\"https:\\\/\\\/senegalndiaye.com\\\/\",\"logo\":{\"@type\":\"ImageObject\",\"inLanguage\":\"tr\",\"@id\":\"https:\\\/\\\/senegalndiaye.com\\\/#\\\/schema\\\/logo\\\/image\\\/\",\"url\":\"https:\\\/\\\/senegalndiaye.com\\\/wp-content\\\/uploads\\\/2018\\\/05\\\/senegalndiaye_logo.png\",\"contentUrl\":\"https:\\\/\\\/senegalndiaye.com\\\/wp-content\\\/uploads\\\/2018\\\/05\\\/senegalndiaye_logo.png\",\"width\":150,\"height\":106,\"caption\":\"Senegal Ndiaye\"},\"image\":{\"@id\":\"https:\\\/\\\/senegalndiaye.com\\\/#\\\/schema\\\/logo\\\/image\\\/\"},\"sameAs\":[\"https:\\\/\\\/www.facebook.com\\\/senegalndiaye4\\\/\",\"https:\\\/\\\/x.com\\\/Senegalndiaye5\",\"https:\\\/\\\/www.instagram.com\\\/senegalndiaye1\\\/\",\"https:\\\/\\\/www.linkedin.com\\\/company\\\/senegal-ndiaye\\\/\"]}]}<\/script>\n<!-- \/ Yoast SEO plugin. -->","yoast_head_json":{"title":"Otob\u00fcs Dakar AIBD \u00bb Senegal Ndiaye","description":"Otob\u00fcs Dakar AIBD Dakar, Mbour, Thi\u00e8s ve yeni Blaise Diagne havaliman\u0131 aras\u0131nda servis hizmeti verecek olan Dakar Dem Dikk firmas\u0131n\u0131n farkl\u0131 hatlar\u0131n\u0131n fiyatlar\u0131","robots":{"index":"index","follow":"follow","max-snippet":"max-snippet:-1","max-image-preview":"max-image-preview:large","max-video-preview":"max-video-preview:-1"},"canonical":"https:\/\/senegalndiaye.com\/tr\/bus-dakar-aibd\/","og_locale":"tr_TR","og_type":"article","og_title":"Bus Dakar AIBD &#187; Senegal Ndiaye","og_description":"Bus Dakar AIBD Les tarifs des diff\u00e9rentes lignes de la soci\u00e9t\u00e9 Dakar Dem Dikk qui vont assurer la navette entre Dakar, Mbour, Thi\u00e8s et le nouvel a\u00e9roport Blaise Diagne","og_url":"https:\/\/senegalndiaye.com\/tr\/bus-dakar-aibd\/","og_site_name":"Senegal Ndiaye","article_publisher":"https:\/\/www.facebook.com\/senegalndiaye4\/","article_modified_time":"2018-08-13T17:29:38+00:00","og_image":[{"url":"https:\/\/senegalndiaye.com\/wp-content\/uploads\/2018\/08\/Bus-Dakar-AIBD.jpg","type":"","width":"","height":""}],"twitter_card":"summary_large_image","twitter_site":"@Senegalndiaye5","twitter_misc":{"Tahmini okuma s\u00fcresi":"1 dakika"},"schema":{"@context":"https:\/\/schema.org","@graph":[{"@type":"WebPage","@id":"https:\/\/senegalndiaye.com\/bus-dakar-aibd\/","url":"https:\/\/senegalndiaye.com\/bus-dakar-aibd\/","name":"Otob\u00fcs Dakar AIBD \u00bb Senegal Ndiaye","isPartOf":{"@id":"https:\/\/senegalndiaye.com\/#website"},"primaryImageOfPage":{"@id":"https:\/\/senegalndiaye.com\/bus-dakar-aibd\/#primaryimage"},"image":{"@id":"https:\/\/senegalndiaye.com\/bus-dakar-aibd\/#primaryimage"},"thumbnailUrl":"https:\/\/senegalndiaye.com\/wp-content\/uploads\/2018\/08\/Bus-Dakar-AIBD.jpg","datePublished":"2018-08-13T17:27:55+00:00","dateModified":"2018-08-13T17:29:38+00:00","description":"Otob\u00fcs Dakar AIBD Dakar, Mbour, Thi\u00e8s ve yeni Blaise Diagne havaliman\u0131 aras\u0131nda servis hizmeti verecek olan Dakar Dem Dikk firmas\u0131n\u0131n farkl\u0131 hatlar\u0131n\u0131n fiyatlar\u0131","breadcrumb":{"@id":"https:\/\/senegalndiaye.com\/bus-dakar-aibd\/#breadcrumb"},"inLanguage":"tr","potentialAction":[{"@type":"ReadAction","target":["https:\/\/senegalndiaye.com\/bus-dakar-aibd\/"]}]},{"@type":"ImageObject","inLanguage":"tr","@id":"https:\/\/senegalndiaye.com\/bus-dakar-aibd\/#primaryimage","url":"https:\/\/senegalndiaye.com\/wp-content\/uploads\/2018\/08\/Bus-Dakar-AIBD.jpg","contentUrl":"https:\/\/senegalndiaye.com\/wp-content\/uploads\/2018\/08\/Bus-Dakar-AIBD.jpg"},{"@type":"BreadcrumbList","@id":"https:\/\/senegalndiaye.com\/bus-dakar-aibd\/#breadcrumb","itemListElement":[{"@type":"ListItem","position":1,"name":"Accueil","item":"https:\/\/senegalndiaye.com\/"},{"@type":"ListItem","position":2,"name":"Bus Dakar AIBD"}]},{"@type":"WebSite","@id":"https:\/\/senegalndiaye.com\/#website","url":"https:\/\/senegalndiaye.com\/","name":"Senegal Ndiaye","description":"Senegal&#039;deki en iyi yerleri bulun","publisher":{"@id":"https:\/\/senegalndiaye.com\/#organization"},"potentialAction":[{"@type":"SearchAction","target":{"@type":"EntryPoint","urlTemplate":"https:\/\/senegalndiaye.com\/?s={search_term_string}"},"query-input":{"@type":"PropertyValueSpecification","valueRequired":true,"valueName":"search_term_string"}}],"inLanguage":"tr"},{"@type":"Organization","@id":"https:\/\/senegalndiaye.com\/#organization","name":"Senegal Ndiaye","url":"https:\/\/senegalndiaye.com\/","logo":{"@type":"ImageObject","inLanguage":"tr","@id":"https:\/\/senegalndiaye.com\/#\/schema\/logo\/image\/","url":"https:\/\/senegalndiaye.com\/wp-content\/uploads\/2018\/05\/senegalndiaye_logo.png","contentUrl":"https:\/\/senegalndiaye.com\/wp-content\/uploads\/2018\/05\/senegalndiaye_logo.png","width":150,"height":106,"caption":"Senegal Ndiaye"},"image":{"@id":"https:\/\/senegalndiaye.com\/#\/schema\/logo\/image\/"},"sameAs":["https:\/\/www.facebook.com\/senegalndiaye4\/","https:\/\/x.com\/Senegalndiaye5","https:\/\/www.instagram.com\/senegalndiaye1\/","https:\/\/www.linkedin.com\/company\/senegal-ndiaye\/"]}]}},"jetpack_sharing_enabled":true,"jetpack-related-posts":[{"id":24359,"url":"https:\/\/senegalndiaye.com\/tr\/evenements\/","url_meta":{"origin":20484,"position":0},"title":"Dakar Etkinlikleri 2024 \u2013 2025","author":"Carine Ramos","date":"Temmuz 22, 2021","format":false,"excerpt":"Les \u00e9v\u00e9nements \u00e0 Dakar en 2024 Cette page vous pr\u00e9sente les \u00e9v\u00e9nements organis\u00e9s \u00e0 Dakar. En effet, vous y retrouverez toutes les c\u00e9l\u00e9brations de renom organis\u00e9 \u00e0 Dakar. Vous souhaitez savoir la date d\u2019un \u00e9v\u00e9nement, le lieu, le prix d\u2019entr\u00e9e, vous \u00eates au bon endroit ! [events orderby=\"ID\" order=\"DESC\" ]\u2026","rel":"","context":"Benzer yaz\u0131","block_context":{"text":"Benzer yaz\u0131","link":""},"img":{"alt_text":"","src":"","width":0,"height":0},"classes":[]}],"_links":{"self":[{"href":"https:\/\/senegalndiaye.com\/tr\/wp-json\/wp\/v2\/pages\/20484","targetHints":{"allow":["GET"]}}],"collection":[{"href":"https:\/\/senegalndiaye.com\/tr\/wp-json\/wp\/v2\/pages"}],"about":[{"href":"https:\/\/senegalndiaye.com\/tr\/wp-json\/wp\/v2\/types\/page"}],"author":[{"embeddable":true,"href":"https:\/\/senegalndiaye.com\/tr\/wp-json\/wp\/v2\/users\/8"}],"replies":[{"embeddable":true,"href":"https:\/\/senegalndiaye.com\/tr\/wp-json\/wp\/v2\/comments?post=20484"}],"version-history":[{"count":2,"href":"https:\/\/senegalndiaye.com\/tr\/wp-json\/wp\/v2\/pages\/20484\/revisions"}],"predecessor-version":[{"id":20490,"href":"https:\/\/senegalndiaye.com\/tr\/wp-json\/wp\/v2\/pages\/20484\/revisions\/20490"}],"wp:attachment":[{"href":"https:\/\/senegalndiaye.com\/tr\/wp-json\/wp\/v2\/media?parent=20484"}],"curies":[{"name":"wp","href":"https:\/\/api.w.org\/{rel}","templated":true}]}}