{"id":20484,"date":"2018-08-13T17:27:55","date_gmt":"2018-08-13T17:27:55","guid":{"rendered":"https:\/\/senegalndiaye.com\/?page_id=20484"},"modified":"2018-08-13T17:29:38","modified_gmt":"2018-08-13T17:29:38","slug":"bus-dakar-aibd","status":"publish","type":"page","link":"https:\/\/senegalndiaye.com\/es\/bus-dakar-aibd\/","title":{"rendered":"Autobuses Dakar AIBD"},"content":{"rendered":"<h2><strong>SHUTTLE BUS DEM DIKK DAKAR AIBD \/ TARIFAS Y HORARIOS<\/strong><\/h2>\n<p><strong>\u00a0<\/strong><\/p>\n<p>Ya est\u00e1n disponibles las tarifas de las distintas l\u00edneas de la compa\u00f1\u00eda Dakar Dem Dikk que realizar\u00e1 el servicio de enlace entre Dakar, Mbour, Thi\u00e8s y el nuevo aeropuerto Blaise Diagne.<\/p>\n<p>Hay dos posibilidades para los que quieran ir al AIBD. O te decantas por las l\u00edneas simples, es decir, los autobuses cl\u00e1sicos como los que hacen el transporte urbano en Dakar, o te metes la mano en el bolsillo y coges los autobuses expr\u00e9s climatizados.<\/p>\n<p><strong>CINCO L\u00cdNEAS CL\u00c1SICAS<\/strong><\/p>\n<ul>\n<li><strong>Aeropuerto de Yoff \u2013 AIBD: de 6 a 20 h, 1.000 F<\/strong><\/li>\n<li><strong>Thiaroye \u2013 AIBD: de 6 a 20 h, 700 F<\/strong><\/li>\n<li><strong>Parcelas sanitizadas \u2013 AIBD: de 6 a 20 hs, 800 F<\/strong><\/li>\n<li><strong>Palacio 2 \u2013 AIBD: de 6 a 20 h, 1.000 F<\/strong><\/li>\n<li><strong>Dieupeul \u2013 AIBD: de 6 a 20 h, 1000 F<\/strong><\/li>\n<\/ul>\n<p><strong>Frecuencias de rotaci\u00f3n: de 20 min a 35 min.\u00a0\u00a0\u00a0\u00a0\u00a0<\/strong><\/p>\n<p><strong><span class=\"aligncenter\"><img data-recalc-dims=\"1\" loading=\"lazy\" decoding=\"async\" class=\"size-full wp-image-20486 aligncenter\" src=\"https:\/\/i0.wp.com\/senegalndiaye.com\/wp-content\/uploads\/2018\/08\/Bus-Dakar-AIBD.jpg?resize=520%2C735&#038;ssl=1\" alt=\"\" width=\"520\" height=\"735\" srcset=\"https:\/\/i0.wp.com\/senegalndiaye.com\/wp-content\/uploads\/2018\/08\/Bus-Dakar-AIBD.jpg?w=520&amp;ssl=1 520w, https:\/\/i0.wp.com\/senegalndiaye.com\/wp-content\/uploads\/2018\/08\/Bus-Dakar-AIBD.jpg?resize=212%2C300&amp;ssl=1 212w, https:\/\/i0.wp.com\/senegalndiaye.com\/wp-content\/uploads\/2018\/08\/Bus-Dakar-AIBD.jpg?resize=450%2C636&amp;ssl=1 450w\" sizes=\"auto, (max-width: 520px) 100vw, 520px\" \/><\/span>\u00a0\u00a0 <\/strong><\/p>\n<p><strong>l\u00edneas cl\u00e1sicas dem dikk-AIBD-Senegal<\/strong><\/p>\n<p><strong>TRES LANZADERAS EXPRESS EN AUTOBUSES CON AIRE ACONDICIONADO O SIN AIRE ACONDICIONADO<\/strong><\/p>\n<ul>\n<li><strong>Dakar \u2013 AIBD (terminal HLM Grand Yoff frente al estadio LSS): 24 horas, 3000 F y 6000 F, frecuencia 30 min.<\/strong><\/li>\n<li><strong>Mbour (Saly) \u2013 AIBD: 24 horas al d\u00eda, 3000 F, frecuencia 30 min.<\/strong><\/li>\n<li><strong>Thi\u00e8s \u2013 AIBD (v\u00eda Sindia): 24 horas, 3.000 F, frecuencia 30 min.<\/strong><\/li>\n<\/ul>\n<p><span class=\"aligncenter\"><img data-recalc-dims=\"1\" loading=\"lazy\" decoding=\"async\" class=\"size-full wp-image-20485 aligncenter\" src=\"https:\/\/i0.wp.com\/senegalndiaye.com\/wp-content\/uploads\/2018\/08\/Bus-Dakar-AIBD1.jpg?resize=520%2C737&#038;ssl=1\" alt=\"\" width=\"520\" height=\"737\" srcset=\"https:\/\/i0.wp.com\/senegalndiaye.com\/wp-content\/uploads\/2018\/08\/Bus-Dakar-AIBD1.jpg?w=520&amp;ssl=1 520w, https:\/\/i0.wp.com\/senegalndiaye.com\/wp-content\/uploads\/2018\/08\/Bus-Dakar-AIBD1.jpg?resize=212%2C300&amp;ssl=1 212w, https:\/\/i0.wp.com\/senegalndiaye.com\/wp-content\/uploads\/2018\/08\/Bus-Dakar-AIBD1.jpg?resize=450%2C638&amp;ssl=1 450w\" sizes=\"auto, (max-width: 520px) 100vw, 520px\" \/><\/span><\/p>\n<p><strong>L\u00ednea VIP con autobuses climatizados para AIBD-Senegal<\/strong><\/p>\n<p><strong>Contacto de 8 a 17 h: 33 824 10 10<\/strong><\/p>\n<p><span class=\"aligncenter\"><img data-recalc-dims=\"1\" loading=\"lazy\" decoding=\"async\" class=\"size-full wp-image-20488 aligncenter\" src=\"https:\/\/i0.wp.com\/senegalndiaye.com\/wp-content\/uploads\/2018\/08\/Bus-Dakar-AIBD-climatis%C3%A9s-1.jpg?resize=575%2C700&#038;ssl=1\" alt=\"Bus Dakar AIBD\" width=\"575\" height=\"700\" srcset=\"https:\/\/i0.wp.com\/senegalndiaye.com\/wp-content\/uploads\/2018\/08\/Bus-Dakar-AIBD-climatis%C3%A9s-1.jpg?w=575&amp;ssl=1 575w, https:\/\/i0.wp.com\/senegalndiaye.com\/wp-content\/uploads\/2018\/08\/Bus-Dakar-AIBD-climatis%C3%A9s-1.jpg?resize=246%2C300&amp;ssl=1 246w, https:\/\/i0.wp.com\/senegalndiaye.com\/wp-content\/uploads\/2018\/08\/Bus-Dakar-AIBD-climatis%C3%A9s-1.jpg?resize=450%2C548&amp;ssl=1 450w\" sizes=\"auto, (max-width: 575px) 100vw, 575px\" \/><\/span><\/p>","protected":false},"excerpt":{"rendered":"<p>NAVETTE DE BUS DEM DIKK DAKAR AIBD\u00a0\/ TARIFS ET HORAIRES \u00a0 Les tarifs des diff\u00e9rentes lignes de la soci\u00e9t\u00e9 Dakar Dem Dikk qui vont assurer la navette entre Dakar, Mbour, Thi\u00e8s et le nouvel a\u00e9roport Blaise Diagne sont disponibles maintenant. Deux possibilit\u00e9s se pr\u00e9sentent \u00e0 ceux qui voudront se rendre \u00e0 l\u2019AIBD. Soit vous optez [&hellip;]<\/p>\n","protected":false},"author":8,"featured_media":0,"parent":0,"menu_order":0,"comment_status":"closed","ping_status":"closed","template":"","meta":{"footnotes":""},"class_list":["post-20484","page","type-page","status-publish","hentry"],"yoast_head":"<!-- This site is optimized with the Yoast SEO plugin v27.5 - https:\/\/yoast.com\/product\/yoast-seo-wordpress\/ -->\n<title>Bus Dakar AIBD &#187; Senegal Ndiaye<\/title>\n<meta name=\"description\" content=\"Bus Dakar AIBD Les tarifs des diff\u00e9rentes lignes de la soci\u00e9t\u00e9 Dakar Dem Dikk qui vont assurer la navette entre Dakar, Mbour, Thi\u00e8s et le nouvel a\u00e9roport Blaise Diagne\" \/>\n<meta name=\"robots\" content=\"index, follow, max-snippet:-1, max-image-preview:large, max-video-preview:-1\" \/>\n<link rel=\"canonical\" href=\"https:\/\/senegalndiaye.com\/es\/bus-dakar-aibd\/\" \/>\n<meta property=\"og:locale\" content=\"es_ES\" \/>\n<meta property=\"og:type\" content=\"article\" \/>\n<meta property=\"og:title\" content=\"Bus Dakar AIBD &#187; Senegal Ndiaye\" \/>\n<meta property=\"og:description\" content=\"Bus Dakar AIBD Les tarifs des diff\u00e9rentes lignes de la soci\u00e9t\u00e9 Dakar Dem Dikk qui vont assurer la navette entre Dakar, Mbour, Thi\u00e8s et le nouvel a\u00e9roport Blaise Diagne\" \/>\n<meta property=\"og:url\" content=\"https:\/\/senegalndiaye.com\/es\/bus-dakar-aibd\/\" \/>\n<meta property=\"og:site_name\" content=\"Senegal Ndiaye\" \/>\n<meta property=\"article:publisher\" content=\"https:\/\/www.facebook.com\/senegalndiaye4\/\" \/>\n<meta property=\"article:modified_time\" content=\"2018-08-13T17:29:38+00:00\" \/>\n<meta property=\"og:image\" content=\"https:\/\/senegalndiaye.com\/wp-content\/uploads\/2018\/08\/Bus-Dakar-AIBD.jpg\" \/>\n<meta name=\"twitter:card\" content=\"summary_large_image\" \/>\n<meta name=\"twitter:site\" content=\"@Senegalndiaye5\" \/>\n<meta name=\"twitter:label1\" content=\"Tiempo de lectura\" \/>\n\t<meta name=\"twitter:data1\" content=\"1 minuto\" \/>\n<script type=\"application\/ld+json\" class=\"yoast-schema-graph\">{\"@context\":\"https:\\\/\\\/schema.org\",\"@graph\":[{\"@type\":\"WebPage\",\"@id\":\"https:\\\/\\\/senegalndiaye.com\\\/bus-dakar-aibd\\\/\",\"url\":\"https:\\\/\\\/senegalndiaye.com\\\/bus-dakar-aibd\\\/\",\"name\":\"Bus Dakar AIBD &#187; Senegal Ndiaye\",\"isPartOf\":{\"@id\":\"https:\\\/\\\/senegalndiaye.com\\\/#website\"},\"primaryImageOfPage\":{\"@id\":\"https:\\\/\\\/senegalndiaye.com\\\/bus-dakar-aibd\\\/#primaryimage\"},\"image\":{\"@id\":\"https:\\\/\\\/senegalndiaye.com\\\/bus-dakar-aibd\\\/#primaryimage\"},\"thumbnailUrl\":\"https:\\\/\\\/senegalndiaye.com\\\/wp-content\\\/uploads\\\/2018\\\/08\\\/Bus-Dakar-AIBD.jpg\",\"datePublished\":\"2018-08-13T17:27:55+00:00\",\"dateModified\":\"2018-08-13T17:29:38+00:00\",\"description\":\"Bus Dakar AIBD Les tarifs des diff\u00e9rentes lignes de la soci\u00e9t\u00e9 Dakar Dem Dikk qui vont assurer la navette entre Dakar, Mbour, Thi\u00e8s et le nouvel a\u00e9roport Blaise Diagne\",\"breadcrumb\":{\"@id\":\"https:\\\/\\\/senegalndiaye.com\\\/bus-dakar-aibd\\\/#breadcrumb\"},\"inLanguage\":\"es\",\"potentialAction\":[{\"@type\":\"ReadAction\",\"target\":[\"https:\\\/\\\/senegalndiaye.com\\\/bus-dakar-aibd\\\/\"]}]},{\"@type\":\"ImageObject\",\"inLanguage\":\"es\",\"@id\":\"https:\\\/\\\/senegalndiaye.com\\\/bus-dakar-aibd\\\/#primaryimage\",\"url\":\"https:\\\/\\\/senegalndiaye.com\\\/wp-content\\\/uploads\\\/2018\\\/08\\\/Bus-Dakar-AIBD.jpg\",\"contentUrl\":\"https:\\\/\\\/senegalndiaye.com\\\/wp-content\\\/uploads\\\/2018\\\/08\\\/Bus-Dakar-AIBD.jpg\"},{\"@type\":\"BreadcrumbList\",\"@id\":\"https:\\\/\\\/senegalndiaye.com\\\/bus-dakar-aibd\\\/#breadcrumb\",\"itemListElement\":[{\"@type\":\"ListItem\",\"position\":1,\"name\":\"Accueil\",\"item\":\"https:\\\/\\\/senegalndiaye.com\\\/\"},{\"@type\":\"ListItem\",\"position\":2,\"name\":\"Bus Dakar AIBD\"}]},{\"@type\":\"WebSite\",\"@id\":\"https:\\\/\\\/senegalndiaye.com\\\/#website\",\"url\":\"https:\\\/\\\/senegalndiaye.com\\\/\",\"name\":\"Senegal Ndiaye\",\"description\":\"Retrouvez les meilleurs endroits du S\u00e9n\u00e9gal\",\"publisher\":{\"@id\":\"https:\\\/\\\/senegalndiaye.com\\\/#organization\"},\"potentialAction\":[{\"@type\":\"SearchAction\",\"target\":{\"@type\":\"EntryPoint\",\"urlTemplate\":\"https:\\\/\\\/senegalndiaye.com\\\/?s={search_term_string}\"},\"query-input\":{\"@type\":\"PropertyValueSpecification\",\"valueRequired\":true,\"valueName\":\"search_term_string\"}}],\"inLanguage\":\"es\"},{\"@type\":\"Organization\",\"@id\":\"https:\\\/\\\/senegalndiaye.com\\\/#organization\",\"name\":\"Senegal Ndiaye\",\"url\":\"https:\\\/\\\/senegalndiaye.com\\\/\",\"logo\":{\"@type\":\"ImageObject\",\"inLanguage\":\"es\",\"@id\":\"https:\\\/\\\/senegalndiaye.com\\\/#\\\/schema\\\/logo\\\/image\\\/\",\"url\":\"https:\\\/\\\/senegalndiaye.com\\\/wp-content\\\/uploads\\\/2018\\\/05\\\/senegalndiaye_logo.png\",\"contentUrl\":\"https:\\\/\\\/senegalndiaye.com\\\/wp-content\\\/uploads\\\/2018\\\/05\\\/senegalndiaye_logo.png\",\"width\":150,\"height\":106,\"caption\":\"Senegal Ndiaye\"},\"image\":{\"@id\":\"https:\\\/\\\/senegalndiaye.com\\\/#\\\/schema\\\/logo\\\/image\\\/\"},\"sameAs\":[\"https:\\\/\\\/www.facebook.com\\\/senegalndiaye4\\\/\",\"https:\\\/\\\/x.com\\\/Senegalndiaye5\",\"https:\\\/\\\/www.instagram.com\\\/senegalndiaye1\\\/\",\"https:\\\/\\\/www.linkedin.com\\\/company\\\/senegal-ndiaye\\\/\"]}]}<\/script>\n<!-- \/ Yoast SEO plugin. -->","yoast_head_json":{"title":"Autob\u00fas Dakar AIBD \u00bb Senegal Ndiaye","description":"Bus Dakar AIBD Los precios de las diferentes l\u00edneas de la empresa Dakar Dem Dikk que proporcionar\u00e1 el servicio de transporte entre Dakar, Mbour, Thi\u00e8s y el nuevo aeropuerto Blaise Diagne","robots":{"index":"index","follow":"follow","max-snippet":"max-snippet:-1","max-image-preview":"max-image-preview:large","max-video-preview":"max-video-preview:-1"},"canonical":"https:\/\/senegalndiaye.com\/es\/bus-dakar-aibd\/","og_locale":"es_ES","og_type":"article","og_title":"Bus Dakar AIBD &#187; Senegal Ndiaye","og_description":"Bus Dakar AIBD Les tarifs des diff\u00e9rentes lignes de la soci\u00e9t\u00e9 Dakar Dem Dikk qui vont assurer la navette entre Dakar, Mbour, Thi\u00e8s et le nouvel a\u00e9roport Blaise Diagne","og_url":"https:\/\/senegalndiaye.com\/es\/bus-dakar-aibd\/","og_site_name":"Senegal Ndiaye","article_publisher":"https:\/\/www.facebook.com\/senegalndiaye4\/","article_modified_time":"2018-08-13T17:29:38+00:00","og_image":[{"url":"https:\/\/senegalndiaye.com\/wp-content\/uploads\/2018\/08\/Bus-Dakar-AIBD.jpg","type":"","width":"","height":""}],"twitter_card":"summary_large_image","twitter_site":"@Senegalndiaye5","twitter_misc":{"Tiempo de lectura":"1 minuto"},"schema":{"@context":"https:\/\/schema.org","@graph":[{"@type":"WebPage","@id":"https:\/\/senegalndiaye.com\/bus-dakar-aibd\/","url":"https:\/\/senegalndiaye.com\/bus-dakar-aibd\/","name":"Autob\u00fas Dakar AIBD \u00bb Senegal Ndiaye","isPartOf":{"@id":"https:\/\/senegalndiaye.com\/#website"},"primaryImageOfPage":{"@id":"https:\/\/senegalndiaye.com\/bus-dakar-aibd\/#primaryimage"},"image":{"@id":"https:\/\/senegalndiaye.com\/bus-dakar-aibd\/#primaryimage"},"thumbnailUrl":"https:\/\/senegalndiaye.com\/wp-content\/uploads\/2018\/08\/Bus-Dakar-AIBD.jpg","datePublished":"2018-08-13T17:27:55+00:00","dateModified":"2018-08-13T17:29:38+00:00","description":"Bus Dakar AIBD Los precios de las diferentes l\u00edneas de la empresa Dakar Dem Dikk que proporcionar\u00e1 el servicio de transporte entre Dakar, Mbour, Thi\u00e8s y el nuevo aeropuerto Blaise Diagne","breadcrumb":{"@id":"https:\/\/senegalndiaye.com\/bus-dakar-aibd\/#breadcrumb"},"inLanguage":"es","potentialAction":[{"@type":"ReadAction","target":["https:\/\/senegalndiaye.com\/bus-dakar-aibd\/"]}]},{"@type":"ImageObject","inLanguage":"es","@id":"https:\/\/senegalndiaye.com\/bus-dakar-aibd\/#primaryimage","url":"https:\/\/senegalndiaye.com\/wp-content\/uploads\/2018\/08\/Bus-Dakar-AIBD.jpg","contentUrl":"https:\/\/senegalndiaye.com\/wp-content\/uploads\/2018\/08\/Bus-Dakar-AIBD.jpg"},{"@type":"BreadcrumbList","@id":"https:\/\/senegalndiaye.com\/bus-dakar-aibd\/#breadcrumb","itemListElement":[{"@type":"ListItem","position":1,"name":"Accueil","item":"https:\/\/senegalndiaye.com\/"},{"@type":"ListItem","position":2,"name":"Bus Dakar AIBD"}]},{"@type":"WebSite","@id":"https:\/\/senegalndiaye.com\/#website","url":"https:\/\/senegalndiaye.com\/","name":"senegal ndiaye","description":"Encuentra los mejores lugares en Senegal","publisher":{"@id":"https:\/\/senegalndiaye.com\/#organization"},"potentialAction":[{"@type":"SearchAction","target":{"@type":"EntryPoint","urlTemplate":"https:\/\/senegalndiaye.com\/?s={search_term_string}"},"query-input":{"@type":"PropertyValueSpecification","valueRequired":true,"valueName":"search_term_string"}}],"inLanguage":"es"},{"@type":"Organization","@id":"https:\/\/senegalndiaye.com\/#organization","name":"senegal ndiaye","url":"https:\/\/senegalndiaye.com\/","logo":{"@type":"ImageObject","inLanguage":"es","@id":"https:\/\/senegalndiaye.com\/#\/schema\/logo\/image\/","url":"https:\/\/senegalndiaye.com\/wp-content\/uploads\/2018\/05\/senegalndiaye_logo.png","contentUrl":"https:\/\/senegalndiaye.com\/wp-content\/uploads\/2018\/05\/senegalndiaye_logo.png","width":150,"height":106,"caption":"Senegal Ndiaye"},"image":{"@id":"https:\/\/senegalndiaye.com\/#\/schema\/logo\/image\/"},"sameAs":["https:\/\/www.facebook.com\/senegalndiaye4\/","https:\/\/x.com\/Senegalndiaye5","https:\/\/www.instagram.com\/senegalndiaye1\/","https:\/\/www.linkedin.com\/company\/senegal-ndiaye\/"]}]}},"jetpack_sharing_enabled":true,"jetpack-related-posts":[{"id":24359,"url":"https:\/\/senegalndiaye.com\/es\/evenements\/","url_meta":{"origin":20484,"position":0},"title":"Eventos Dakar 2024 \u2013 2025","author":"Carine Ramos","date":"julio 22, 2021","format":false,"excerpt":"Les \u00e9v\u00e9nements \u00e0 Dakar en 2024 Cette page vous pr\u00e9sente les \u00e9v\u00e9nements organis\u00e9s \u00e0 Dakar. En effet, vous y retrouverez toutes les c\u00e9l\u00e9brations de renom organis\u00e9 \u00e0 Dakar. Vous souhaitez savoir la date d\u2019un \u00e9v\u00e9nement, le lieu, le prix d\u2019entr\u00e9e, vous \u00eates au bon endroit ! [events orderby=\"ID\" order=\"DESC\" ]\u2026","rel":"","context":"Entrada similar","block_context":{"text":"Entrada similar","link":""},"img":{"alt_text":"","src":"","width":0,"height":0},"classes":[]}],"_links":{"self":[{"href":"https:\/\/senegalndiaye.com\/es\/wp-json\/wp\/v2\/pages\/20484","targetHints":{"allow":["GET"]}}],"collection":[{"href":"https:\/\/senegalndiaye.com\/es\/wp-json\/wp\/v2\/pages"}],"about":[{"href":"https:\/\/senegalndiaye.com\/es\/wp-json\/wp\/v2\/types\/page"}],"author":[{"embeddable":true,"href":"https:\/\/senegalndiaye.com\/es\/wp-json\/wp\/v2\/users\/8"}],"replies":[{"embeddable":true,"href":"https:\/\/senegalndiaye.com\/es\/wp-json\/wp\/v2\/comments?post=20484"}],"version-history":[{"count":2,"href":"https:\/\/senegalndiaye.com\/es\/wp-json\/wp\/v2\/pages\/20484\/revisions"}],"predecessor-version":[{"id":20490,"href":"https:\/\/senegalndiaye.com\/es\/wp-json\/wp\/v2\/pages\/20484\/revisions\/20490"}],"wp:attachment":[{"href":"https:\/\/senegalndiaye.com\/es\/wp-json\/wp\/v2\/media?parent=20484"}],"curies":[{"name":"gracias","href":"https:\/\/api.w.org\/{rel}","templated":true}]}}