{"id":28433,"date":"2023-07-24T16:47:14","date_gmt":"2023-07-24T16:47:14","guid":{"rendered":"https:\/\/senegalndiaye.com\/?post_type=product&#038;p=28433"},"modified":"2025-05-27T17:05:34","modified_gmt":"2025-05-27T17:05:34","slug":"guide-pour-choisir-sa-filiere-apres-le-bac-l-au-senegal","status":"publish","type":"product","link":"https:\/\/senegalndiaye.com\/en\/product\/guide-pour-choisir-sa-filiere-apres-le-bac-l-au-senegal\/","title":{"rendered":"Guide to choosing your course after the BAC L in Senegal"},"content":{"rendered":"","protected":false},"excerpt":{"rendered":"<p>After obtaining your BAC, choosing your training can be a complicated step for each of us. This guide will help you in your choice of training after a BAC L in Senegal<\/p>","protected":false},"featured_media":28434,"comment_status":"open","ping_status":"closed","template":"","meta":[],"product_brand":[],"product_cat":[81],"product_tag":[],"class_list":{"0":"post-28433","1":"product","2":"type-product","3":"status-publish","4":"has-post-thumbnail","6":"product_cat-non-classe","8":"first","9":"instock","10":"downloadable","11":"virtual","12":"purchasable","13":"product-type-simple"},"yoast_head":"<!-- This site is optimized with the Yoast SEO plugin v27.5 - https:\/\/yoast.com\/product\/yoast-seo-wordpress\/ -->\n<title>Guide pour choisir sa fili\u00e8re apr\u00e8s le BAC L au S\u00e9n\u00e9gal &#187; Senegal Ndiaye<\/title>\n<meta name=\"robots\" content=\"index, follow, max-snippet:-1, max-image-preview:large, max-video-preview:-1\" \/>\n<link rel=\"canonical\" href=\"https:\/\/senegalndiaye.com\/en\/product\/guide-pour-choisir-sa-filiere-apres-le-bac-l-au-senegal\/\" \/>\n<meta property=\"og:locale\" content=\"en_US\" \/>\n<meta property=\"og:type\" content=\"article\" \/>\n<meta property=\"og:title\" content=\"Guide pour choisir sa fili\u00e8re apr\u00e8s le BAC L au S\u00e9n\u00e9gal &#187; Senegal Ndiaye\" \/>\n<meta property=\"og:description\" content=\"Apr\u00e8s avoir obtenu son BAC, le choix de sa formation peut \u00eatre une \u00e9tape compliqu\u00e9e pour chacun de nous. Ce guide vous aidera dans votre choix de formation apr\u00e8s un BAC L au S\u00e9n\u00e9gal\" \/>\n<meta property=\"og:url\" content=\"https:\/\/senegalndiaye.com\/en\/product\/guide-pour-choisir-sa-filiere-apres-le-bac-l-au-senegal\/\" \/>\n<meta property=\"og:site_name\" content=\"Senegal Ndiaye\" \/>\n<meta property=\"article:publisher\" content=\"https:\/\/www.facebook.com\/senegalndiaye4\/\" \/>\n<meta property=\"article:modified_time\" content=\"2025-05-27T17:05:34+00:00\" \/>\n<meta property=\"og:image\" content=\"https:\/\/senegalndiaye.com\/wp-content\/uploads\/2023\/07\/Comment-choisir-sa-filiere-apres-le-BAC-au-Senegal.jpg\" \/>\n\t<meta property=\"og:image:width\" content=\"1414\" \/>\n\t<meta property=\"og:image:height\" content=\"2000\" \/>\n\t<meta property=\"og:image:type\" content=\"image\/jpeg\" \/>\n<meta name=\"twitter:card\" content=\"summary_large_image\" \/>\n<meta name=\"twitter:site\" content=\"@Senegalndiaye5\" \/>\n<script type=\"application\/ld+json\" class=\"yoast-schema-graph\">{\"@context\":\"https:\\\/\\\/schema.org\",\"@graph\":[{\"@type\":\"WebPage\",\"@id\":\"https:\\\/\\\/senegalndiaye.com\\\/produit\\\/guide-pour-choisir-sa-filiere-apres-le-bac-l-au-senegal\\\/\",\"url\":\"https:\\\/\\\/senegalndiaye.com\\\/produit\\\/guide-pour-choisir-sa-filiere-apres-le-bac-l-au-senegal\\\/\",\"name\":\"Guide pour choisir sa fili\u00e8re apr\u00e8s le BAC L au S\u00e9n\u00e9gal &#187; Senegal Ndiaye\",\"isPartOf\":{\"@id\":\"https:\\\/\\\/senegalndiaye.com\\\/#website\"},\"primaryImageOfPage\":{\"@id\":\"https:\\\/\\\/senegalndiaye.com\\\/produit\\\/guide-pour-choisir-sa-filiere-apres-le-bac-l-au-senegal\\\/#primaryimage\"},\"image\":{\"@id\":\"https:\\\/\\\/senegalndiaye.com\\\/produit\\\/guide-pour-choisir-sa-filiere-apres-le-bac-l-au-senegal\\\/#primaryimage\"},\"thumbnailUrl\":\"https:\\\/\\\/i0.wp.com\\\/senegalndiaye.com\\\/wp-content\\\/uploads\\\/2023\\\/07\\\/Comment-choisir-sa-filiere-apres-le-BAC-au-Senegal.jpg?fit=1414%2C2000&ssl=1\",\"datePublished\":\"2023-07-24T16:47:14+00:00\",\"dateModified\":\"2025-05-27T17:05:34+00:00\",\"breadcrumb\":{\"@id\":\"https:\\\/\\\/senegalndiaye.com\\\/produit\\\/guide-pour-choisir-sa-filiere-apres-le-bac-l-au-senegal\\\/#breadcrumb\"},\"inLanguage\":\"en-US\",\"potentialAction\":[{\"@type\":\"ReadAction\",\"target\":[\"https:\\\/\\\/senegalndiaye.com\\\/produit\\\/guide-pour-choisir-sa-filiere-apres-le-bac-l-au-senegal\\\/\"]}]},{\"@type\":\"ImageObject\",\"inLanguage\":\"en-US\",\"@id\":\"https:\\\/\\\/senegalndiaye.com\\\/produit\\\/guide-pour-choisir-sa-filiere-apres-le-bac-l-au-senegal\\\/#primaryimage\",\"url\":\"https:\\\/\\\/i0.wp.com\\\/senegalndiaye.com\\\/wp-content\\\/uploads\\\/2023\\\/07\\\/Comment-choisir-sa-filiere-apres-le-BAC-au-Senegal.jpg?fit=1414%2C2000&ssl=1\",\"contentUrl\":\"https:\\\/\\\/i0.wp.com\\\/senegalndiaye.com\\\/wp-content\\\/uploads\\\/2023\\\/07\\\/Comment-choisir-sa-filiere-apres-le-BAC-au-Senegal.jpg?fit=1414%2C2000&ssl=1\",\"width\":1414,\"height\":2000},{\"@type\":\"BreadcrumbList\",\"@id\":\"https:\\\/\\\/senegalndiaye.com\\\/produit\\\/guide-pour-choisir-sa-filiere-apres-le-bac-l-au-senegal\\\/#breadcrumb\",\"itemListElement\":[{\"@type\":\"ListItem\",\"position\":1,\"name\":\"Accueil\",\"item\":\"https:\\\/\\\/senegalndiaye.com\\\/\"},{\"@type\":\"ListItem\",\"position\":2,\"name\":\"Boutique\",\"item\":\"https:\\\/\\\/senegalndiaye.com\\\/boutique\\\/\"},{\"@type\":\"ListItem\",\"position\":3,\"name\":\"Guide pour choisir sa fili\u00e8re apr\u00e8s le BAC L au S\u00e9n\u00e9gal\"}]},{\"@type\":\"WebSite\",\"@id\":\"https:\\\/\\\/senegalndiaye.com\\\/#website\",\"url\":\"https:\\\/\\\/senegalndiaye.com\\\/\",\"name\":\"Senegal Ndiaye\",\"description\":\"Retrouvez les meilleurs endroits du S\u00e9n\u00e9gal\",\"publisher\":{\"@id\":\"https:\\\/\\\/senegalndiaye.com\\\/#organization\"},\"potentialAction\":[{\"@type\":\"SearchAction\",\"target\":{\"@type\":\"EntryPoint\",\"urlTemplate\":\"https:\\\/\\\/senegalndiaye.com\\\/?s={search_term_string}\"},\"query-input\":{\"@type\":\"PropertyValueSpecification\",\"valueRequired\":true,\"valueName\":\"search_term_string\"}}],\"inLanguage\":\"en-US\"},{\"@type\":\"Organization\",\"@id\":\"https:\\\/\\\/senegalndiaye.com\\\/#organization\",\"name\":\"Senegal Ndiaye\",\"url\":\"https:\\\/\\\/senegalndiaye.com\\\/\",\"logo\":{\"@type\":\"ImageObject\",\"inLanguage\":\"en-US\",\"@id\":\"https:\\\/\\\/senegalndiaye.com\\\/#\\\/schema\\\/logo\\\/image\\\/\",\"url\":\"https:\\\/\\\/senegalndiaye.com\\\/wp-content\\\/uploads\\\/2018\\\/05\\\/senegalndiaye_logo.png\",\"contentUrl\":\"https:\\\/\\\/senegalndiaye.com\\\/wp-content\\\/uploads\\\/2018\\\/05\\\/senegalndiaye_logo.png\",\"width\":150,\"height\":106,\"caption\":\"Senegal Ndiaye\"},\"image\":{\"@id\":\"https:\\\/\\\/senegalndiaye.com\\\/#\\\/schema\\\/logo\\\/image\\\/\"},\"sameAs\":[\"https:\\\/\\\/www.facebook.com\\\/senegalndiaye4\\\/\",\"https:\\\/\\\/x.com\\\/Senegalndiaye5\",\"https:\\\/\\\/www.instagram.com\\\/senegalndiaye1\\\/\",\"https:\\\/\\\/www.linkedin.com\\\/company\\\/senegal-ndiaye\\\/\"]}]}<\/script>\n<!-- \/ Yoast SEO plugin. -->","yoast_head_json":{"title":"Guide to choosing your course after the BAC L in Senegal \u00bb Senegal Ndiaye","robots":{"index":"index","follow":"follow","max-snippet":"max-snippet:-1","max-image-preview":"max-image-preview:large","max-video-preview":"max-video-preview:-1"},"canonical":"https:\/\/senegalndiaye.com\/en\/product\/guide-pour-choisir-sa-filiere-apres-le-bac-l-au-senegal\/","og_locale":"en_US","og_type":"article","og_title":"Guide pour choisir sa fili\u00e8re apr\u00e8s le BAC L au S\u00e9n\u00e9gal &#187; Senegal Ndiaye","og_description":"Apr\u00e8s avoir obtenu son BAC, le choix de sa formation peut \u00eatre une \u00e9tape compliqu\u00e9e pour chacun de nous. Ce guide vous aidera dans votre choix de formation apr\u00e8s un BAC L au S\u00e9n\u00e9gal","og_url":"https:\/\/senegalndiaye.com\/en\/product\/guide-pour-choisir-sa-filiere-apres-le-bac-l-au-senegal\/","og_site_name":"Senegal Ndiaye","article_publisher":"https:\/\/www.facebook.com\/senegalndiaye4\/","article_modified_time":"2025-05-27T17:05:34+00:00","og_image":[{"width":1414,"height":2000,"url":"https:\/\/senegalndiaye.com\/wp-content\/uploads\/2023\/07\/Comment-choisir-sa-filiere-apres-le-BAC-au-Senegal.jpg","type":"image\/jpeg"}],"twitter_card":"summary_large_image","twitter_site":"@Senegalndiaye5","schema":{"@context":"https:\/\/schema.org","@graph":[{"@type":"WebPage","@id":"https:\/\/senegalndiaye.com\/produit\/guide-pour-choisir-sa-filiere-apres-le-bac-l-au-senegal\/","url":"https:\/\/senegalndiaye.com\/produit\/guide-pour-choisir-sa-filiere-apres-le-bac-l-au-senegal\/","name":"Guide to choosing your course after the BAC L in Senegal \u00bb Senegal Ndiaye","isPartOf":{"@id":"https:\/\/senegalndiaye.com\/#website"},"primaryImageOfPage":{"@id":"https:\/\/senegalndiaye.com\/produit\/guide-pour-choisir-sa-filiere-apres-le-bac-l-au-senegal\/#primaryimage"},"image":{"@id":"https:\/\/senegalndiaye.com\/produit\/guide-pour-choisir-sa-filiere-apres-le-bac-l-au-senegal\/#primaryimage"},"thumbnailUrl":"https:\/\/i0.wp.com\/senegalndiaye.com\/wp-content\/uploads\/2023\/07\/Comment-choisir-sa-filiere-apres-le-BAC-au-Senegal.jpg?fit=1414%2C2000&ssl=1","datePublished":"2023-07-24T16:47:14+00:00","dateModified":"2025-05-27T17:05:34+00:00","breadcrumb":{"@id":"https:\/\/senegalndiaye.com\/produit\/guide-pour-choisir-sa-filiere-apres-le-bac-l-au-senegal\/#breadcrumb"},"inLanguage":"en-US","potentialAction":[{"@type":"ReadAction","target":["https:\/\/senegalndiaye.com\/produit\/guide-pour-choisir-sa-filiere-apres-le-bac-l-au-senegal\/"]}]},{"@type":"ImageObject","inLanguage":"en-US","@id":"https:\/\/senegalndiaye.com\/produit\/guide-pour-choisir-sa-filiere-apres-le-bac-l-au-senegal\/#primaryimage","url":"https:\/\/i0.wp.com\/senegalndiaye.com\/wp-content\/uploads\/2023\/07\/Comment-choisir-sa-filiere-apres-le-BAC-au-Senegal.jpg?fit=1414%2C2000&ssl=1","contentUrl":"https:\/\/i0.wp.com\/senegalndiaye.com\/wp-content\/uploads\/2023\/07\/Comment-choisir-sa-filiere-apres-le-BAC-au-Senegal.jpg?fit=1414%2C2000&ssl=1","width":1414,"height":2000},{"@type":"BreadcrumbList","@id":"https:\/\/senegalndiaye.com\/produit\/guide-pour-choisir-sa-filiere-apres-le-bac-l-au-senegal\/#breadcrumb","itemListElement":[{"@type":"ListItem","position":1,"name":"Accueil","item":"https:\/\/senegalndiaye.com\/"},{"@type":"ListItem","position":2,"name":"Boutique","item":"https:\/\/senegalndiaye.com\/boutique\/"},{"@type":"ListItem","position":3,"name":"Guide pour choisir sa fili\u00e8re apr\u00e8s le BAC L au S\u00e9n\u00e9gal"}]},{"@type":"WebSite","@id":"https:\/\/senegalndiaye.com\/#website","url":"https:\/\/senegalndiaye.com\/","name":"Senegal Ndiaye","description":"Find the best places in Senegal","publisher":{"@id":"https:\/\/senegalndiaye.com\/#organization"},"potentialAction":[{"@type":"SearchAction","target":{"@type":"EntryPoint","urlTemplate":"https:\/\/senegalndiaye.com\/?s={search_term_string}"},"query-input":{"@type":"PropertyValueSpecification","valueRequired":true,"valueName":"search_term_string"}}],"inLanguage":"en-US"},{"@type":"Organization","@id":"https:\/\/senegalndiaye.com\/#organization","name":"Senegal Ndiaye","url":"https:\/\/senegalndiaye.com\/","logo":{"@type":"ImageObject","inLanguage":"en-US","@id":"https:\/\/senegalndiaye.com\/#\/schema\/logo\/image\/","url":"https:\/\/senegalndiaye.com\/wp-content\/uploads\/2018\/05\/senegalndiaye_logo.png","contentUrl":"https:\/\/senegalndiaye.com\/wp-content\/uploads\/2018\/05\/senegalndiaye_logo.png","width":150,"height":106,"caption":"Senegal Ndiaye"},"image":{"@id":"https:\/\/senegalndiaye.com\/#\/schema\/logo\/image\/"},"sameAs":["https:\/\/www.facebook.com\/senegalndiaye4\/","https:\/\/x.com\/Senegalndiaye5","https:\/\/www.instagram.com\/senegalndiaye1\/","https:\/\/www.linkedin.com\/company\/senegal-ndiaye\/"]}]}},"jetpack_sharing_enabled":true,"jetpack-related-posts":[],"_links":{"self":[{"href":"https:\/\/senegalndiaye.com\/en\/wp-json\/wp\/v2\/product\/28433","targetHints":{"allow":["GET"]}}],"collection":[{"href":"https:\/\/senegalndiaye.com\/en\/wp-json\/wp\/v2\/product"}],"about":[{"href":"https:\/\/senegalndiaye.com\/en\/wp-json\/wp\/v2\/types\/product"}],"replies":[{"embeddable":true,"href":"https:\/\/senegalndiaye.com\/en\/wp-json\/wp\/v2\/comments?post=28433"}],"wp:featuredmedia":[{"embeddable":true,"href":"https:\/\/senegalndiaye.com\/en\/wp-json\/wp\/v2\/media\/28434"}],"wp:attachment":[{"href":"https:\/\/senegalndiaye.com\/en\/wp-json\/wp\/v2\/media?parent=28433"}],"wp:term":[{"taxonomy":"product_brand","embeddable":true,"href":"https:\/\/senegalndiaye.com\/en\/wp-json\/wp\/v2\/product_brand?post=28433"},{"taxonomy":"product_cat","embeddable":true,"href":"https:\/\/senegalndiaye.com\/en\/wp-json\/wp\/v2\/product_cat?post=28433"},{"taxonomy":"product_tag","embeddable":true,"href":"https:\/\/senegalndiaye.com\/en\/wp-json\/wp\/v2\/product_tag?post=28433"}],"curies":[{"name":"wp","href":"https:\/\/api.w.org\/{rel}","templated":true}]}}