{"id":28219,"date":"2023-06-20T11:58:00","date_gmt":"2023-06-20T11:58:00","guid":{"rendered":"https:\/\/senegalndiaye.com\/book-appointment\/"},"modified":"2023-07-04T08:48:36","modified_gmt":"2023-07-04T08:48:36","slug":"rendez-vous","status":"publish","type":"page","link":"https:\/\/senegalndiaye.com\/en\/rendez-vous\/","title":{"rendered":"Make an appointment"},"content":{"rendered":"<div class=\"wp-block-bookingpress-bookingpress-appointment-form\">[bookingpress_form]<\/div>\n","protected":false},"excerpt":{"rendered":"<p>[bookingpress_form]<\/p>\n","protected":false},"author":8,"featured_media":0,"parent":0,"menu_order":0,"comment_status":"open","ping_status":"open","template":"page-templates\/full_width.php","meta":{"footnotes":""},"class_list":["post-28219","page","type-page","status-publish","hentry"],"yoast_head":"<!-- This site is optimized with the Yoast SEO plugin v27.5 - https:\/\/yoast.com\/product\/yoast-seo-wordpress\/ -->\n<title>Prendre un rendez-vous &#187; Senegal Ndiaye<\/title>\n<meta name=\"robots\" content=\"index, follow, max-snippet:-1, max-image-preview:large, max-video-preview:-1\" \/>\n<link rel=\"canonical\" href=\"https:\/\/senegalndiaye.com\/en\/rendez-vous\/\" \/>\n<meta property=\"og:locale\" content=\"en_US\" \/>\n<meta property=\"og:type\" content=\"article\" \/>\n<meta property=\"og:title\" content=\"Prendre un rendez-vous &#187; Senegal Ndiaye\" \/>\n<meta property=\"og:description\" content=\"[bookingpress_form]\" \/>\n<meta property=\"og:url\" content=\"https:\/\/senegalndiaye.com\/en\/rendez-vous\/\" \/>\n<meta property=\"og:site_name\" content=\"Senegal Ndiaye\" \/>\n<meta property=\"article:publisher\" content=\"https:\/\/www.facebook.com\/senegalndiaye4\/\" \/>\n<meta property=\"article:modified_time\" content=\"2023-07-04T08:48:36+00:00\" \/>\n<meta property=\"og:image\" content=\"https:\/\/i0.wp.com\/senegalndiaye.com\/wp-content\/uploads\/2018\/05\/senegalndiaye_logo.png?fit=150%2C106&ssl=1\" \/>\n\t<meta property=\"og:image:width\" content=\"150\" \/>\n\t<meta property=\"og:image:height\" content=\"106\" \/>\n\t<meta property=\"og:image:type\" content=\"image\/png\" \/>\n<meta name=\"twitter:card\" content=\"summary_large_image\" \/>\n<meta name=\"twitter:site\" content=\"@Senegalndiaye5\" \/>\n<meta name=\"twitter:label1\" content=\"Est. reading time\" \/>\n\t<meta name=\"twitter:data1\" content=\"1 minute\" \/>\n<script type=\"application\/ld+json\" class=\"yoast-schema-graph\">{\"@context\":\"https:\\\/\\\/schema.org\",\"@graph\":[{\"@type\":\"WebPage\",\"@id\":\"https:\\\/\\\/senegalndiaye.com\\\/rendez-vous\\\/\",\"url\":\"https:\\\/\\\/senegalndiaye.com\\\/rendez-vous\\\/\",\"name\":\"Prendre un rendez-vous &#187; Senegal Ndiaye\",\"isPartOf\":{\"@id\":\"https:\\\/\\\/senegalndiaye.com\\\/#website\"},\"datePublished\":\"2023-06-20T11:58:00+00:00\",\"dateModified\":\"2023-07-04T08:48:36+00:00\",\"breadcrumb\":{\"@id\":\"https:\\\/\\\/senegalndiaye.com\\\/rendez-vous\\\/#breadcrumb\"},\"inLanguage\":\"en-US\",\"potentialAction\":[{\"@type\":\"ReadAction\",\"target\":[\"https:\\\/\\\/senegalndiaye.com\\\/rendez-vous\\\/\"]}]},{\"@type\":\"BreadcrumbList\",\"@id\":\"https:\\\/\\\/senegalndiaye.com\\\/rendez-vous\\\/#breadcrumb\",\"itemListElement\":[{\"@type\":\"ListItem\",\"position\":1,\"name\":\"Accueil\",\"item\":\"https:\\\/\\\/senegalndiaye.com\\\/\"},{\"@type\":\"ListItem\",\"position\":2,\"name\":\"Prendre un rendez-vous\"}]},{\"@type\":\"WebSite\",\"@id\":\"https:\\\/\\\/senegalndiaye.com\\\/#website\",\"url\":\"https:\\\/\\\/senegalndiaye.com\\\/\",\"name\":\"Senegal Ndiaye\",\"description\":\"Retrouvez les meilleurs endroits du S\u00e9n\u00e9gal\",\"publisher\":{\"@id\":\"https:\\\/\\\/senegalndiaye.com\\\/#organization\"},\"potentialAction\":[{\"@type\":\"SearchAction\",\"target\":{\"@type\":\"EntryPoint\",\"urlTemplate\":\"https:\\\/\\\/senegalndiaye.com\\\/?s={search_term_string}\"},\"query-input\":{\"@type\":\"PropertyValueSpecification\",\"valueRequired\":true,\"valueName\":\"search_term_string\"}}],\"inLanguage\":\"en-US\"},{\"@type\":\"Organization\",\"@id\":\"https:\\\/\\\/senegalndiaye.com\\\/#organization\",\"name\":\"Senegal Ndiaye\",\"url\":\"https:\\\/\\\/senegalndiaye.com\\\/\",\"logo\":{\"@type\":\"ImageObject\",\"inLanguage\":\"en-US\",\"@id\":\"https:\\\/\\\/senegalndiaye.com\\\/#\\\/schema\\\/logo\\\/image\\\/\",\"url\":\"https:\\\/\\\/senegalndiaye.com\\\/wp-content\\\/uploads\\\/2018\\\/05\\\/senegalndiaye_logo.png\",\"contentUrl\":\"https:\\\/\\\/senegalndiaye.com\\\/wp-content\\\/uploads\\\/2018\\\/05\\\/senegalndiaye_logo.png\",\"width\":150,\"height\":106,\"caption\":\"Senegal Ndiaye\"},\"image\":{\"@id\":\"https:\\\/\\\/senegalndiaye.com\\\/#\\\/schema\\\/logo\\\/image\\\/\"},\"sameAs\":[\"https:\\\/\\\/www.facebook.com\\\/senegalndiaye4\\\/\",\"https:\\\/\\\/x.com\\\/Senegalndiaye5\",\"https:\\\/\\\/www.instagram.com\\\/senegalndiaye1\\\/\",\"https:\\\/\\\/www.linkedin.com\\\/company\\\/senegal-ndiaye\\\/\"]}]}<\/script>\n<!-- \/ Yoast SEO plugin. -->","yoast_head_json":{"title":"Prendre un rendez-vous &#187; Senegal Ndiaye","robots":{"index":"index","follow":"follow","max-snippet":"max-snippet:-1","max-image-preview":"max-image-preview:large","max-video-preview":"max-video-preview:-1"},"canonical":"https:\/\/senegalndiaye.com\/en\/rendez-vous\/","og_locale":"en_US","og_type":"article","og_title":"Prendre un rendez-vous &#187; Senegal Ndiaye","og_description":"[bookingpress_form]","og_url":"https:\/\/senegalndiaye.com\/en\/rendez-vous\/","og_site_name":"Senegal Ndiaye","article_publisher":"https:\/\/www.facebook.com\/senegalndiaye4\/","article_modified_time":"2023-07-04T08:48:36+00:00","og_image":[{"width":150,"height":106,"url":"https:\/\/i0.wp.com\/senegalndiaye.com\/wp-content\/uploads\/2018\/05\/senegalndiaye_logo.png?fit=150%2C106&ssl=1","type":"image\/png"}],"twitter_card":"summary_large_image","twitter_site":"@Senegalndiaye5","twitter_misc":{"Est. reading time":"1 minute"},"schema":{"@context":"https:\/\/schema.org","@graph":[{"@type":"WebPage","@id":"https:\/\/senegalndiaye.com\/rendez-vous\/","url":"https:\/\/senegalndiaye.com\/rendez-vous\/","name":"Prendre un rendez-vous &#187; Senegal Ndiaye","isPartOf":{"@id":"https:\/\/senegalndiaye.com\/#website"},"datePublished":"2023-06-20T11:58:00+00:00","dateModified":"2023-07-04T08:48:36+00:00","breadcrumb":{"@id":"https:\/\/senegalndiaye.com\/rendez-vous\/#breadcrumb"},"inLanguage":"en-US","potentialAction":[{"@type":"ReadAction","target":["https:\/\/senegalndiaye.com\/rendez-vous\/"]}]},{"@type":"BreadcrumbList","@id":"https:\/\/senegalndiaye.com\/rendez-vous\/#breadcrumb","itemListElement":[{"@type":"ListItem","position":1,"name":"Accueil","item":"https:\/\/senegalndiaye.com\/"},{"@type":"ListItem","position":2,"name":"Prendre un rendez-vous"}]},{"@type":"WebSite","@id":"https:\/\/senegalndiaye.com\/#website","url":"https:\/\/senegalndiaye.com\/","name":"Senegal Ndiaye","description":"Find the best places in Senegal","publisher":{"@id":"https:\/\/senegalndiaye.com\/#organization"},"potentialAction":[{"@type":"SearchAction","target":{"@type":"EntryPoint","urlTemplate":"https:\/\/senegalndiaye.com\/?s={search_term_string}"},"query-input":{"@type":"PropertyValueSpecification","valueRequired":true,"valueName":"search_term_string"}}],"inLanguage":"en-US"},{"@type":"Organization","@id":"https:\/\/senegalndiaye.com\/#organization","name":"Senegal Ndiaye","url":"https:\/\/senegalndiaye.com\/","logo":{"@type":"ImageObject","inLanguage":"en-US","@id":"https:\/\/senegalndiaye.com\/#\/schema\/logo\/image\/","url":"https:\/\/senegalndiaye.com\/wp-content\/uploads\/2018\/05\/senegalndiaye_logo.png","contentUrl":"https:\/\/senegalndiaye.com\/wp-content\/uploads\/2018\/05\/senegalndiaye_logo.png","width":150,"height":106,"caption":"Senegal Ndiaye"},"image":{"@id":"https:\/\/senegalndiaye.com\/#\/schema\/logo\/image\/"},"sameAs":["https:\/\/www.facebook.com\/senegalndiaye4\/","https:\/\/x.com\/Senegalndiaye5","https:\/\/www.instagram.com\/senegalndiaye1\/","https:\/\/www.linkedin.com\/company\/senegal-ndiaye\/"]}]}},"jetpack_sharing_enabled":true,"jetpack-related-posts":[{"id":28285,"url":"https:\/\/senegalndiaye.com\/en\/book-appointment\/","url_meta":{"origin":28219,"position":0},"title":"Make an appointment with an advisor","author":"Moderateur","date":"July 1, 2023","format":false,"excerpt":"Prendre un rendez-vous whatsapp avec un conseiller \u00a0 [bookingpress_form]","rel":"","context":"Similar post","block_context":{"text":"Similar post","link":""},"img":{"alt_text":"","src":"","width":0,"height":0},"classes":[]},{"id":28222,"url":"https:\/\/senegalndiaye.com\/en\/cancel-appointment\/","url_meta":{"origin":28219,"position":1},"title":"Appointment canceled","author":"Moderateur","date":"June 20, 2023","format":false,"excerpt":"We&#039;re sorry to hear you requested an appointment cancellation. We&#039;ve sent an email notification to cancel an appointment. Please click the button to cancel the appointment.","rel":"","context":"Similar post","block_context":{"text":"Similar post","link":""},"img":{"alt_text":"","src":"","width":0,"height":0},"classes":[]},{"id":29254,"url":"https:\/\/senegalndiaye.com\/en\/appointment-reschedule\/","url_meta":{"origin":28219,"position":2},"title":"Postponement of appointment","author":"Moderateur","date":"May 18, 2024","format":false,"excerpt":"[bookingpress_appointment_reschedule]","rel":"","context":"Similar post","block_context":{"text":"Similar post","link":""},"img":{"alt_text":"","src":"","width":0,"height":0},"classes":[]},{"id":28224,"url":"https:\/\/senegalndiaye.com\/en\/appointment-cancellation-confirmation\/","url_meta":{"origin":28219,"position":3},"title":"Appointment cancellation confirmation","author":"Moderateur","date":"June 20, 2023","format":false,"excerpt":"[bookingpress_appointment_cancellation_confirmation]","rel":"","context":"Similar post","block_context":{"text":"Similar post","link":""},"img":{"alt_text":"","src":"","width":0,"height":0},"classes":[]},{"id":28290,"url":"https:\/\/senegalndiaye.com\/en\/appointment-cancellation-confirmation\/","url_meta":{"origin":28219,"position":4},"title":"Appointment cancellation confirmation","author":"Moderateur","date":"July 1, 2023","format":false,"excerpt":"[bookingpress_appointment_cancellation_confirmation]","rel":"","context":"Similar post","block_context":{"text":"Similar post","link":""},"img":{"alt_text":"","src":"","width":0,"height":0},"classes":[]},{"id":24359,"url":"https:\/\/senegalndiaye.com\/en\/evenements\/","url_meta":{"origin":28219,"position":5},"title":"Dakar 2024 \u2013 2025 Events","author":"Carine Ramos","date":"July 22, 2021","format":false,"excerpt":"Les \u00e9v\u00e9nements \u00e0 Dakar en 2024 Cette page vous pr\u00e9sente les \u00e9v\u00e9nements organis\u00e9s \u00e0 Dakar. En effet, vous y retrouverez toutes les c\u00e9l\u00e9brations de renom organis\u00e9 \u00e0 Dakar. Vous souhaitez savoir la date d\u2019un \u00e9v\u00e9nement, le lieu, le prix d\u2019entr\u00e9e, vous \u00eates au bon endroit ! [events orderby=\"ID\" order=\"DESC\" ]\u2026","rel":"","context":"Similar post","block_context":{"text":"Similar post","link":""},"img":{"alt_text":"","src":"","width":0,"height":0},"classes":[]}],"_links":{"self":[{"href":"https:\/\/senegalndiaye.com\/en\/wp-json\/wp\/v2\/pages\/28219","targetHints":{"allow":["GET"]}}],"collection":[{"href":"https:\/\/senegalndiaye.com\/en\/wp-json\/wp\/v2\/pages"}],"about":[{"href":"https:\/\/senegalndiaye.com\/en\/wp-json\/wp\/v2\/types\/page"}],"author":[{"embeddable":true,"href":"https:\/\/senegalndiaye.com\/en\/wp-json\/wp\/v2\/users\/8"}],"replies":[{"embeddable":true,"href":"https:\/\/senegalndiaye.com\/en\/wp-json\/wp\/v2\/comments?post=28219"}],"version-history":[{"count":1,"href":"https:\/\/senegalndiaye.com\/en\/wp-json\/wp\/v2\/pages\/28219\/revisions"}],"predecessor-version":[{"id":28278,"href":"https:\/\/senegalndiaye.com\/en\/wp-json\/wp\/v2\/pages\/28219\/revisions\/28278"}],"wp:attachment":[{"href":"https:\/\/senegalndiaye.com\/en\/wp-json\/wp\/v2\/media?parent=28219"}],"curies":[{"name":"wp","href":"https:\/\/api.w.org\/{rel}","templated":true}]}}